{"id":3,"date":"2010-02-20T08:52:44","date_gmt":"2010-02-20T08:52:44","guid":{"rendered":"http:\/\/dev.bilageirinn.is\/?page_id=3"},"modified":"2020-04-15T15:23:22","modified_gmt":"2020-04-15T15:23:22","slug":"bilageirinn","status":"publish","type":"page","link":"http:\/\/www.bilageirinn.is\/?page_id=3","title":{"rendered":"B\u00edlageirinn"},"content":{"rendered":"<p>Gr\u00f3fin 14a,<\/p>\n<p>230 Reykjanesb\u00e6r,<\/p>\n<p>Kt:460803-2410<\/p>\n<p>S\u00edmi\u00a0 421-6901<\/p>\n<p>B\u00edlageirinn var stofna\u00f0ur \u00e1ri\u00f0 2003 vegna innflutnings \u00e1 n\u00fdjum og notu\u00f0um varahlutum \u00e1samt innfluttning \u00e1 b\u00edlum og m\u00f3torhj\u00f3lum. \u00c1ri\u00f0 2004 kaupir B\u00edlageirinn h\u00fasn\u00e6\u00f0i undir starfsemi b\u00edlam\u00e1lunnar sem\u00a0 h\u00f3fst \u00e1 \u00fev\u00ed \u00e1ri en fluttum svo \u00ed n\u00fdtt 810 fermetra h\u00fasn\u00e6\u00f0i sem vi\u00f0 bygg\u00f0um \u00e1ri\u00f0 2007\u00a0 og er sta\u00f0sett \u00ed Gr\u00f3finni 14 a-c . N\u00fa hefur veri\u00f0 b\u00e6tt vi\u00f0 smurst\u00f6\u00f0 og almennum b\u00edlavi\u00f0ger\u00f0um.<\/p>\n","protected":false},"excerpt":{"rendered":"<p>Gr\u00f3fin 14a, 230 Reykjanesb\u00e6r, Kt:460803-2410 S\u00edmi\u00a0 421-6901 B\u00edlageirinn var stofna\u00f0ur \u00e1ri\u00f0 2003 vegna innflutnings \u00e1 n\u00fdjum og notu\u00f0um varahlutum \u00e1samt innfluttning \u00e1 b\u00edlum og m\u00f3torhj\u00f3lum. \u00c1ri\u00f0 2004 kaupir B\u00edlageirinn h\u00fasn\u00e6\u00f0i undir starfsemi b\u00edlam\u00e1lunnar sem\u00a0 h\u00f3fst \u00e1 \u00fev\u00ed \u00e1ri en fluttum svo \u00ed n\u00fdtt 810 fermetra h\u00fasn\u00e6\u00f0i sem vi\u00f0 bygg\u00f0um \u00e1ri\u00f0 2007\u00a0 og er sta\u00f0sett \u00ed [&hellip;]<\/p>\n","protected":false},"author":1,"featured_media":0,"parent":0,"menu_order":2,"comment_status":"open","ping_status":"open","template":"","meta":[],"_links":{"self":[{"href":"http:\/\/www.bilageirinn.is\/index.php?rest_route=\/wp\/v2\/pages\/3"}],"collection":[{"href":"http:\/\/www.bilageirinn.is\/index.php?rest_route=\/wp\/v2\/pages"}],"about":[{"href":"http:\/\/www.bilageirinn.is\/index.php?rest_route=\/wp\/v2\/types\/page"}],"author":[{"embeddable":true,"href":"http:\/\/www.bilageirinn.is\/index.php?rest_route=\/wp\/v2\/users\/1"}],"replies":[{"embeddable":true,"href":"http:\/\/www.bilageirinn.is\/index.php?rest_route=%2Fwp%2Fv2%2Fcomments&post=3"}],"version-history":[{"count":12,"href":"http:\/\/www.bilageirinn.is\/index.php?rest_route=\/wp\/v2\/pages\/3\/revisions"}],"predecessor-version":[{"id":207,"href":"http:\/\/www.bilageirinn.is\/index.php?rest_route=\/wp\/v2\/pages\/3\/revisions\/207"}],"wp:attachment":[{"href":"http:\/\/www.bilageirinn.is\/index.php?rest_route=%2Fwp%2Fv2%2Fmedia&parent=3"}],"curies":[{"name":"wp","href":"https:\/\/api.w.org\/{rel}","templated":true}]}}