{"id":43,"date":"2010-03-23T16:08:39","date_gmt":"2010-03-23T16:08:39","guid":{"rendered":"http:\/\/dev.bilageirinn.is\/?page_id=43"},"modified":"2026-03-18T13:30:24","modified_gmt":"2026-03-18T13:30:24","slug":"starfsmenn","status":"publish","type":"page","link":"http:\/\/www.bilageirinn.is\/?page_id=43","title":{"rendered":"Starfsmenn"},"content":{"rendered":"<p style=\"text-align: left;\"><em>Bj\u00f6rn Steinar Unnarsson, Framkv\u00e6mdastj\u00f3ri Meistari \u00ed Flugv\u00e9lavirkjun<\/em><\/p>\n<p style=\"text-align: left;\"><em>Ingibj\u00f6rg Kristj\u00e1nsd\u00f3ttir, Skrifstofa.<\/em><\/p>\n<p><em>Brynjar Sigur\u00f0sson, Verkstj\u00f3ri \u00ed m\u00e1lningu.<\/em><\/p>\n<p style=\"text-align: left;\">\n","protected":false},"excerpt":{"rendered":"<p>Bj\u00f6rn Steinar Unnarsson, Framkv\u00e6mdastj\u00f3ri Meistari \u00ed Flugv\u00e9lavirkjun Ingibj\u00f6rg Kristj\u00e1nsd\u00f3ttir, Skrifstofa. Brynjar Sigur\u00f0sson, Verkstj\u00f3ri \u00ed m\u00e1lningu.<\/p>\n","protected":false},"author":2,"featured_media":0,"parent":3,"menu_order":0,"comment_status":"open","ping_status":"open","template":"","meta":[],"_links":{"self":[{"href":"http:\/\/www.bilageirinn.is\/index.php?rest_route=\/wp\/v2\/pages\/43"}],"collection":[{"href":"http:\/\/www.bilageirinn.is\/index.php?rest_route=\/wp\/v2\/pages"}],"about":[{"href":"http:\/\/www.bilageirinn.is\/index.php?rest_route=\/wp\/v2\/types\/page"}],"author":[{"embeddable":true,"href":"http:\/\/www.bilageirinn.is\/index.php?rest_route=\/wp\/v2\/users\/2"}],"replies":[{"embeddable":true,"href":"http:\/\/www.bilageirinn.is\/index.php?rest_route=%2Fwp%2Fv2%2Fcomments&post=43"}],"version-history":[{"count":24,"href":"http:\/\/www.bilageirinn.is\/index.php?rest_route=\/wp\/v2\/pages\/43\/revisions"}],"predecessor-version":[{"id":216,"href":"http:\/\/www.bilageirinn.is\/index.php?rest_route=\/wp\/v2\/pages\/43\/revisions\/216"}],"up":[{"embeddable":true,"href":"http:\/\/www.bilageirinn.is\/index.php?rest_route=\/wp\/v2\/pages\/3"}],"wp:attachment":[{"href":"http:\/\/www.bilageirinn.is\/index.php?rest_route=%2Fwp%2Fv2%2Fmedia&parent=43"}],"curies":[{"name":"wp","href":"https:\/\/api.w.org\/{rel}","templated":true}]}}